{"id":80,"date":"2023-07-03T22:50:08","date_gmt":"2023-07-03T19:50:08","guid":{"rendered":"https:\/\/www.motokarsad.ee\/?page_id=80"},"modified":"2023-08-23T14:40:54","modified_gmt":"2023-08-23T11:40:54","slug":"liikmed","status":"publish","type":"page","link":"https:\/\/www.motokarsad.ee\/?page_id=80","title":{"rendered":"LIIKMED"},"content":{"rendered":"\n<div class=\"wp-block-group is-layout-constrained\">\n<h2 class=\"wp-block-heading has-text-align-center\"><strong>LIIKMED<\/strong><\/h2>\n<\/div>\n\n\n\n<figure class=\"wp-block-pullquote has-small-font-size\"><blockquote><p>Nagu igas s\u00f5pruskonnas on ka motok\u00e4rssadel olemas asutajaliikmed,t\u00e4isliikmed ja toetajaliikmed. <br><br><strong>Asutajaliikmeteks<\/strong> loeme neid kes panid aluse motok\u00e4rssade s\u00f5pruskonnale,tasuvad liikmemaksu ja kannavad motok\u00e4rssade logo.Asutajaliige j\u00e4\u00e4b selleks ka siis kui ta kunagi otsustab meie seast \u00fchel v\u00f5i teisel p\u00f5hjusel lahkuda.<br><br><strong>T\u00e4isliikmeteks <\/strong>loeme neid kes tasuvad liikmemaksu ja v\u00f5tavad aktiivselt osa enamustest \u00fchistest \u00fcritustest ja kannavad motok\u00e4rssade logo. T\u00e4isliige on seda senikaua kui ta teisti otsustab<br><br>T<strong>oetajaliikmeteks<\/strong> loeme s\u00f5psu, kes koos meiega ringi s\u00f5idavad ja erinevatest \u00fcritustest osa v\u00f5tavad,aga liikmemaksu ei tasu ja logo ei kanna.<br><br><\/p><\/blockquote><\/figure>\n\n\n\n<div class=\"wp-block-group alignfull is-layout-constrained\">\n<div class=\"wp-block-group alignwide is-layout-flow\" style=\"padding-top:4rem;padding-bottom:4rem\"><nav class=\"is-responsive items-justified-center wp-block-navigation is-content-justification-center is-layout-flex wp-container-3\" aria-label=\"Navigation 2\"><button aria-haspopup=\"true\" aria-label=\"Open menu\" class=\"wp-block-navigation__responsive-container-open \" data-micromodal-trigger=\"modal-2\"><svg width=\"24\" height=\"24\" xmlns=\"http:\/\/www.w3.org\/2000\/svg\" viewBox=\"0 0 24 24\" aria-hidden=\"true\" focusable=\"false\"><rect x=\"4\" y=\"7.5\" width=\"16\" height=\"1.5\" \/><rect x=\"4\" y=\"15\" width=\"16\" height=\"1.5\" \/><\/svg><\/button>\n\t\t\t<div class=\"wp-block-navigation__responsive-container  \" style=\"\" id=\"modal-2\">\n\t\t\t\t<div class=\"wp-block-navigation__responsive-close\" tabindex=\"-1\" data-micromodal-close>\n\t\t\t\t\t<div class=\"wp-block-navigation__responsive-dialog\" aria-label=\"Menu\">\n\t\t\t\t\t\t\t<button aria-label=\"Close menu\" data-micromodal-close class=\"wp-block-navigation__responsive-container-close\"><svg xmlns=\"http:\/\/www.w3.org\/2000\/svg\" viewBox=\"0 0 24 24\" width=\"24\" height=\"24\" aria-hidden=\"true\" focusable=\"false\"><path d=\"M13 11.8l6.1-6.3-1-1-6.1 6.2-6.1-6.2-1 1 6.1 6.3-6.5 6.7 1 1 6.5-6.6 6.5 6.6 1-1z\"><\/path><\/svg><\/button>\n\t\t\t\t\t\t<div class=\"wp-block-navigation__responsive-container-content\" id=\"modal-2-content\">\n\t\t\t\t\t\t\t<ul class=\"wp-block-navigation__container\"><li class=\" wp-block-navigation-item wp-block-navigation-link\"><a class=\"wp-block-navigation-item__content\"  href=\"https:\/\/www.motokarsad.ee\/\"><span class=\"wp-block-navigation-item__label\">PEALEHT<\/span><\/a><\/li><li class=\" wp-block-navigation-item wp-block-navigation-link\"><a class=\"wp-block-navigation-item__content\"  href=\"https:\/\/www.motokarsad.ee\/?page_id=64\"><span class=\"wp-block-navigation-item__label\">MEIST<\/span><\/a><\/li><li class=\" wp-block-navigation-item wp-block-navigation-link\"><a class=\"wp-block-navigation-item__content\"  href=\"https:\/\/www.motokarsad.ee\/?page_id=80\"><span class=\"wp-block-navigation-item__label\">LIIKMED<\/span><\/a><\/li><li class=\" wp-block-navigation-item wp-block-navigation-link\"><a class=\"wp-block-navigation-item__content\"  href=\"https:\/\/www.motokarsad.ee\/?page_id=96\"><span class=\"wp-block-navigation-item__label\">GALERII<\/span><\/a><\/li><li class=\" wp-block-navigation-item wp-block-navigation-link\"><a class=\"wp-block-navigation-item__content\"  href=\"https:\/\/www.motokarsad.ee\/?page_id=99\"><span class=\"wp-block-navigation-item__label\">KONTAKT<\/span><\/a><\/li><\/ul>\n\t\t\t\t\t\t<\/div>\n\t\t\t\t\t<\/div>\n\t\t\t\t<\/div>\n\t\t\t<\/div><\/nav>\n\n\n<div style=\"height:50px\" aria-hidden=\"true\" class=\"wp-block-spacer\"><\/div>\n\n\n\n<p class=\"has-text-align-center\" style=\"font-size:16px\">\u00a9 Motok\u00e4rsad 2023<\/p>\n<\/div>\n<\/div>\n","protected":false},"excerpt":{"rendered":"<p>LIIKMED Nagu igas s\u00f5pruskonnas on ka motok\u00e4rssadel olemas asutajaliikmed,t\u00e4isliikmed ja toetajaliikmed. Asutajaliikmeteks loeme neid kes panid aluse motok\u00e4rssade s\u00f5pruskonnale,tasuvad liikmemaksu ja kannavad motok\u00e4rssade logo.Asutajaliige j\u00e4\u00e4b selleks ka siis kui ta kunagi otsustab meie seast \u00fchel v\u00f5i teisel p\u00f5hjusel lahkuda. T\u00e4isliikmeteks loeme neid kes tasuvad liikmemaksu ja v\u00f5tavad aktiivselt osa enamustest \u00fchistest \u00fcritustest ja kannavad motok\u00e4rssade [&hellip;]<\/p>\n","protected":false},"author":2,"featured_media":0,"parent":0,"menu_order":0,"comment_status":"closed","ping_status":"closed","template":"blank","meta":[],"_links":{"self":[{"href":"https:\/\/www.motokarsad.ee\/index.php?rest_route=\/wp\/v2\/pages\/80"}],"collection":[{"href":"https:\/\/www.motokarsad.ee\/index.php?rest_route=\/wp\/v2\/pages"}],"about":[{"href":"https:\/\/www.motokarsad.ee\/index.php?rest_route=\/wp\/v2\/types\/page"}],"author":[{"embeddable":true,"href":"https:\/\/www.motokarsad.ee\/index.php?rest_route=\/wp\/v2\/users\/2"}],"replies":[{"embeddable":true,"href":"https:\/\/www.motokarsad.ee\/index.php?rest_route=%2Fwp%2Fv2%2Fcomments&post=80"}],"version-history":[{"count":15,"href":"https:\/\/www.motokarsad.ee\/index.php?rest_route=\/wp\/v2\/pages\/80\/revisions"}],"predecessor-version":[{"id":145,"href":"https:\/\/www.motokarsad.ee\/index.php?rest_route=\/wp\/v2\/pages\/80\/revisions\/145"}],"wp:attachment":[{"href":"https:\/\/www.motokarsad.ee\/index.php?rest_route=%2Fwp%2Fv2%2Fmedia&parent=80"}],"curies":[{"name":"wp","href":"https:\/\/api.w.org\/{rel}","templated":true}]}}