{"id":64,"date":"2023-07-03T22:22:46","date_gmt":"2023-07-03T19:22:46","guid":{"rendered":"https:\/\/www.motokarsad.ee\/?page_id=64"},"modified":"2023-07-04T00:14:20","modified_gmt":"2023-07-03T21:14:20","slug":"meist","status":"publish","type":"page","link":"https:\/\/www.motokarsad.ee\/?page_id=64","title":{"rendered":"MEIST"},"content":{"rendered":"\n<div class=\"wp-block-group is-layout-constrained\">\n<h2 class=\"wp-block-heading alignwide has-text-align-center\"><strong>MEIST<\/strong><\/h2>\n<\/div>\n\n\n\n<div class=\"wp-block-columns alignwide are-vertically-aligned-bottom is-layout-flex wp-container-3\">\n<div class=\"wp-block-column is-vertically-aligned-bottom is-layout-flow\" style=\"flex-basis:50%\">\n<p class=\"has-text-align-center\"><\/p>\n<\/div>\n<\/div>\n\n\n\n<figure class=\"wp-block-pullquote\"><blockquote><p>SIIA TULEB SIIS L\u00dcHIKIRJELDUS KUIDAS K\u00d5IK ALGUSE SAI. KES OLID LOOJAD JA N\u00c4ITEKS KES NIME PEALE TULI.KES ME \u00dcLTSE OLEME,MIS ON MEIE MAAILMAVAATED JA MIDA ME \u00dcLTSE TEEME.<\/p><\/blockquote><\/figure>\n\n\n<nav class=\"is-responsive items-justified-center wp-block-navigation is-content-justification-center is-layout-flex wp-container-5\" aria-label=\"Navigation 2\"><button aria-haspopup=\"true\" aria-label=\"Open menu\" class=\"wp-block-navigation__responsive-container-open \" data-micromodal-trigger=\"modal-4\"><svg width=\"24\" height=\"24\" xmlns=\"http:\/\/www.w3.org\/2000\/svg\" viewBox=\"0 0 24 24\" aria-hidden=\"true\" focusable=\"false\"><rect x=\"4\" y=\"7.5\" width=\"16\" height=\"1.5\" \/><rect x=\"4\" y=\"15\" width=\"16\" height=\"1.5\" \/><\/svg><\/button>\n\t\t\t<div class=\"wp-block-navigation__responsive-container  \" style=\"\" id=\"modal-4\">\n\t\t\t\t<div class=\"wp-block-navigation__responsive-close\" tabindex=\"-1\" data-micromodal-close>\n\t\t\t\t\t<div class=\"wp-block-navigation__responsive-dialog\" aria-label=\"Menu\">\n\t\t\t\t\t\t\t<button aria-label=\"Close menu\" data-micromodal-close class=\"wp-block-navigation__responsive-container-close\"><svg xmlns=\"http:\/\/www.w3.org\/2000\/svg\" viewBox=\"0 0 24 24\" width=\"24\" height=\"24\" aria-hidden=\"true\" focusable=\"false\"><path d=\"M13 11.8l6.1-6.3-1-1-6.1 6.2-6.1-6.2-1 1 6.1 6.3-6.5 6.7 1 1 6.5-6.6 6.5 6.6 1-1z\"><\/path><\/svg><\/button>\n\t\t\t\t\t\t<div class=\"wp-block-navigation__responsive-container-content\" id=\"modal-4-content\">\n\t\t\t\t\t\t\t<ul class=\"wp-block-navigation__container\"><li class=\" wp-block-navigation-item wp-block-navigation-link\"><a class=\"wp-block-navigation-item__content\"  href=\"https:\/\/www.motokarsad.ee\/\"><span class=\"wp-block-navigation-item__label\">PEALEHT<\/span><\/a><\/li><li class=\" wp-block-navigation-item wp-block-navigation-link\"><a class=\"wp-block-navigation-item__content\"  href=\"https:\/\/www.motokarsad.ee\/?page_id=64\"><span class=\"wp-block-navigation-item__label\">MEIST<\/span><\/a><\/li><li class=\" wp-block-navigation-item wp-block-navigation-link\"><a class=\"wp-block-navigation-item__content\"  href=\"https:\/\/www.motokarsad.ee\/?page_id=80\"><span class=\"wp-block-navigation-item__label\">LIIKMED<\/span><\/a><\/li><li class=\" wp-block-navigation-item wp-block-navigation-link\"><a class=\"wp-block-navigation-item__content\"  href=\"https:\/\/www.motokarsad.ee\/?page_id=96\"><span class=\"wp-block-navigation-item__label\">GALERII<\/span><\/a><\/li><li class=\" wp-block-navigation-item wp-block-navigation-link\"><a class=\"wp-block-navigation-item__content\"  href=\"https:\/\/www.motokarsad.ee\/?page_id=99\"><span class=\"wp-block-navigation-item__label\">KONTAKT<\/span><\/a><\/li><\/ul>\n\t\t\t\t\t\t<\/div>\n\t\t\t\t\t<\/div>\n\t\t\t\t<\/div>\n\t\t\t<\/div><\/nav>\n\n\n<p class=\"has-text-align-center\">\u00a9 Motok\u00e4rsad 2023<\/p>\n","protected":false},"excerpt":{"rendered":"<p>MEIST SIIA TULEB SIIS L\u00dcHIKIRJELDUS KUIDAS K\u00d5IK ALGUSE SAI. KES OLID LOOJAD JA N\u00c4ITEKS KES NIME PEALE TULI.KES ME \u00dcLTSE OLEME,MIS ON MEIE MAAILMAVAATED JA MIDA ME \u00dcLTSE TEEME. \u00a9 Motok\u00e4rsad 2023<\/p>\n","protected":false},"author":2,"featured_media":0,"parent":0,"menu_order":0,"comment_status":"closed","ping_status":"closed","template":"blank","meta":[],"_links":{"self":[{"href":"https:\/\/www.motokarsad.ee\/index.php?rest_route=\/wp\/v2\/pages\/64"}],"collection":[{"href":"https:\/\/www.motokarsad.ee\/index.php?rest_route=\/wp\/v2\/pages"}],"about":[{"href":"https:\/\/www.motokarsad.ee\/index.php?rest_route=\/wp\/v2\/types\/page"}],"author":[{"embeddable":true,"href":"https:\/\/www.motokarsad.ee\/index.php?rest_route=\/wp\/v2\/users\/2"}],"replies":[{"embeddable":true,"href":"https:\/\/www.motokarsad.ee\/index.php?rest_route=%2Fwp%2Fv2%2Fcomments&post=64"}],"version-history":[{"count":20,"href":"https:\/\/www.motokarsad.ee\/index.php?rest_route=\/wp\/v2\/pages\/64\/revisions"}],"predecessor-version":[{"id":135,"href":"https:\/\/www.motokarsad.ee\/index.php?rest_route=\/wp\/v2\/pages\/64\/revisions\/135"}],"wp:attachment":[{"href":"https:\/\/www.motokarsad.ee\/index.php?rest_route=%2Fwp%2Fv2%2Fmedia&parent=64"}],"curies":[{"name":"wp","href":"https:\/\/api.w.org\/{rel}","templated":true}]}}